{"id":2767,"date":"2021-11-12T17:04:09","date_gmt":"2021-11-12T14:04:09","guid":{"rendered":"http:\/\/segmenlersu.com.tr\/?page_id=2767"},"modified":"2021-11-12T17:08:57","modified_gmt":"2021-11-12T14:08:57","slug":"kvkk","status":"publish","type":"page","link":"https:\/\/segmenlersu.com.tr\/index.php\/kvkk\/","title":{"rendered":"KVKK Ayd\u0131nlatma Metni"},"content":{"rendered":"\t\t<div data-elementor-type=\"wp-page\" data-elementor-id=\"2767\" class=\"elementor elementor-2767\" data-elementor-settings=\"[]\">\n\t\t\t\t\t\t\t<div class=\"elementor-section-wrap\">\n\t\t\t\t\t\t\t<section class=\"elementor-section elementor-top-section elementor-element elementor-element-2bac7ebe elementor-section-content-middle elementor-section-boxed elementor-section-height-default elementor-section-height-default\" data-id=\"2bac7ebe\" data-element_type=\"section\">\n\t\t\t\t\t\t<div class=\"elementor-container elementor-column-gap-no\">\n\t\t\t\t\t<div class=\"elementor-column elementor-col-100 elementor-top-column elementor-element elementor-element-48a33105\" data-id=\"48a33105\" data-element_type=\"column\">\n\t\t\t<div class=\"elementor-widget-wrap elementor-element-populated\">\n\t\t\t\t\t\t\t\t<div class=\"elementor-element elementor-element-7ef12f2 elementor-widget elementor-widget-text-editor\" data-id=\"7ef12f2\" data-element_type=\"widget\" data-widget_type=\"text-editor.default\">\n\t\t\t\t<div class=\"elementor-widget-container\">\n\t\t\t\t\t\t\t\t<p><strong>K\u0130\u015e\u0130SEL VER\u0130LER\u0130N KORUNMASI VE \u0130\u015eLENMES\u0130 HAKKINDA<\/strong><\/p><p><strong>AYDINLATMA METN\u0130<\/strong><\/p><p>\u00a0<\/p><p>SE\u011eMEN SU Mad. Mak. G\u0131d. \u0130n. Tur. \u0130th. \u0130hr. San. Tic. A.\u015e. <strong>(SE\u011eMEN SU)<\/strong> olarak web sitemizi kullan\u0131rken, web sitemizde yer alan ilgili ba\u015fvuru formlar\u0131n\u0131 doldurmak suretiyle veya sair yollarla taraf\u0131m\u0131za iletmi\u015f oldu\u011funuz ki\u015fisel verilerinizin g\u00fcvenli\u011fini son derece \u00f6nemsiyoruz. Bu do\u011frultuda, 6698 say\u0131l\u0131 \u201cKi\u015fisel Verilerin Korunmas\u0131 Kanunu\u201d (KVKK), ilgili mevzuat ve yasal d\u00fczenlemeler \u00e7er\u00e7evesinde ki\u015fisel verilerinizin i\u015flenmesi, saklanmas\u0131 ve aktar\u0131lmas\u0131na ili\u015fkin olarak Veri Sorumlusu s\u0131fat\u0131yla sizleri ayd\u0131nlatmak istiyoruz.<br \/><br \/>SE\u011eMEN SU ile m\u00fc\u015fteri, potansiyel m\u00fc\u015fteri, bayi veya tedarik\u00e7i ilgilisi, \u00e7al\u0131\u015fan, \u00e7al\u0131\u015fan aday\u0131, i\u015f orta\u011f\u0131, web sitesi ziyaret\u00e7isi olarak ve sair ili\u015fkiler \u00e7er\u00e7evesinde payla\u015ft\u0131\u011f\u0131n\u0131z ki\u015fisel verileriniz,<\/p><p>\u00a0<\/p><ul><li>\u00dcr\u00fcn ve hizmetlerimizi iyile\u015ftirmek, geli\u015ftirmek, \u00e7e\u015fitlendirmek ve ticari ili\u015fki i\u00e7erisinde oldu\u011fumuz ger\u00e7ek\/t\u00fczel ki\u015filere alternatifler sunabilmek,<\/li><li>Hizmet standartlar\u0131m\u0131z\u0131 y\u00fckseltmek, yeni teknoloji ve uygulamalar\u0131 de\u011ferlendirmek ile ticari ve i\u015f stratejilerimizi belirlemek ve uygulamak,<\/li><li>5216 say\u0131l\u0131 B\u00fcy\u00fck\u015fehir Belediyesi Kanunu ve ilgili mevzuat uyar\u0131nca Ankara B\u00fcy\u00fck\u015fehir Belediyesi\u2019nin (\u201cABB\u201d) g\u00f6rev ve sorumluluklar\u0131 kapsam\u0131nda ger\u00e7ekle\u015ftirilecek kamusal hizmetleri ifa etmek,<\/li><li>\u00dcr\u00fcnlerimize ili\u015fkin bayilik taleplerini de\u011ferlendirmek ve bayilik s\u00fcre\u00e7lerini y\u00f6netmek,<\/li><li>Tedarik\u00e7i a\u011f\u0131m\u0131za ili\u015fkin i\u015f faaliyetlerini y\u00fcr\u00fctmek,<\/li><li>M\u00fc\u015fterilerimizin ve i\u015f ortaklar\u0131m\u0131z\u0131n talep, g\u00f6r\u00fc\u015f ve \u015fikayetlerini takip etmek,<\/li><li>\u00dcr\u00fcnlerimizin sevkiyat\u0131n\u0131 ba\u015far\u0131l\u0131 bi\u00e7imde sa\u011flamak,<\/li><li>\u0130lgili yasal mevzuat uyar\u0131nca hizmet al\u0131m\u0131 yapmak ve al\u0131m\u0131 yap\u0131lan bu hizmetler sonucu olu\u015fan s\u00f6zle\u015fme ile y\u00fck\u00fcml\u00fc oldu\u011fumuz hususlar\u0131 yerine getirmek,<\/li><li>Gerekli kalite ve standart denetimlerimizi ilgili kanun ve mevzuatlar\u0131n \u00f6ng\u00f6rd\u00fc\u011f\u00fc \u015fekilde yapabilmek ya da ilgili mevzuat kapsam\u0131nda \u00f6ng\u00f6r\u00fclen raporlama ve sair y\u00fck\u00fcml\u00fcl\u00fcklerimizi yerine getirebilmek,<\/li><li>\u00c7al\u0131\u015fanlar\u0131m\u0131za ve \u00e7al\u0131\u015fan adaylar\u0131m\u0131za ili\u015fkin insan kaynaklar\u0131 s\u00fcre\u00e7lerini y\u00f6netmek,<\/li><li>\u0130lgili ki\u015filerin temel hak ve \u00f6zg\u00fcrl\u00fcklerine zarar vermemek kayd\u0131yla me\u015fru menfaatlerimiz kapsam\u0131nda veri g\u00fcvenli\u011fini temin etmek,<\/li><li>D\u00fczenleyici ve denetleyici kurumlarla, yasal d\u00fczenlemelerin gerektirdi\u011fi veya zorunlu k\u0131ld\u0131\u011f\u0131 \u015fekilde, KVKK\u2019da belirtilmi\u015f yasal y\u00fck\u00fcml\u00fcl\u00fcklerin yerine getirilmesini sa\u011flamak<\/li><\/ul><p>\u00a0<\/p><p>ama\u00e7lar\u0131yla veri sorumlusu ya da atayaca\u011f\u0131 ger\u00e7ek\/t\u00fczel ki\u015filer taraf\u0131ndan KVKK ile uyumlu ve hukukun \u00f6ng\u00f6rd\u00fc\u011f\u00fc bi\u00e7imde tamamen veya k\u0131smen i\u015flenme ama\u00e7lar\u0131 ile ba\u011flant\u0131l\u0131, s\u0131n\u0131rl\u0131 ve \u00f6l\u00e7\u00fcl\u00fc, do\u011fru ve g\u00fcncel olarak, belirli a\u00e7\u0131k ve me\u015fru ama\u00e7lar ile i\u015flenebilir, kaydedilebilir, depolanabilir, muhafaza edilebilir; SE\u011eMEN SU\u2019nun i\u015f ortaklar\u0131, bayileri, tedarik\u00e7ileri, alt y\u00fcklenicileri, ifa yard\u0131mc\u0131lar\u0131, ilgili denetleyici kurumlar, resmi kurumlar olmak ve bunlarla s\u0131n\u0131rl\u0131 olmamak \u00fczere, yurti\u00e7i-yurtd\u0131\u015f\u0131ndaki ilgili \u00fc\u00e7\u00fcnc\u00fc ki\u015filere aktar\u0131labilir; buralarda depolanabilir, g\u00fcncellenebilir, periyodik olarak kontrol edilebilir, yeniden d\u00fczenlenebilir, s\u0131n\u0131fland\u0131r\u0131labilir.<\/p><p>\u00a0<\/p><p>Veri i\u015fleyen s\u0131fat\u0131 ile SE\u011eMEN SU size bilgilendirme ve tan\u0131t\u0131m e-postalar\u0131 ve\/veya SMS atabilir, telefon aramas\u0131 yap\u0131labilir veyahut bu hizmet \u00fc\u00e7\u00fcnc\u00fc ki\u015filerden al\u0131nmak suretiyle ifa edilebilir.<br \/><br \/>Ki\u015fisel verileriniz, yukar\u0131da belirtilen ama\u00e7 ve kapsamda fakat bunlarla s\u0131n\u0131rl\u0131 olmamak \u00fczere, SE\u011eMEN SU veya SE\u011eMEN SU ad\u0131na veri i\u015fleyen ger\u00e7ek\/t\u00fczel ki\u015filer taraf\u0131ndan, web sitesi, ba\u015fvuru formlar\u0131, her t\u00fcrl\u00fc bilgi formlar\u0131, anketler, i\u015f ba\u015fvuru formlar\u0131, i\u015f s\u00f6zle\u015fmeleri, Mavi Masa, muhtelif s\u00f6zle\u015fmeler, sosyal medya uygulamalar\u0131, \u00e7a\u011fr\u0131 merkezleri ve sair s\u00f6zl\u00fc, yaz\u0131l\u0131 veya elektronik kanallar arac\u0131l\u0131\u011f\u0131 ile KVKK\u2019da \u00f6ng\u00f6r\u00fclen ki\u015fisel veri i\u015fleme \u015fartlar\u0131 kapsam\u0131 dahilinde toplanmakta ve i\u015flenmektedir. Ki\u015fisel verilerin i\u015flenme amac\u0131 ve sebebi ortadan kalkt\u0131\u011f\u0131nda, yasalardan kaynaklanan y\u00fck\u00fcml\u00fcl\u00fcklerimizin temini i\u00e7in gerekli yasal s\u00fcreler tamamland\u0131\u011f\u0131nda ki\u015fisel veriler silinecek, yok edilecek veya anonim hale getirilecektir. Kamu hizmetinden kaynaklanan istisna kapsam\u0131ndaki ki\u015fisel verilerin imha edilmesi ve anonim hale getirilmesi ba\u011fl\u0131 bulundu\u011fu yasal mevzuat \u00e7er\u00e7evesinde ger\u00e7ekle\u015ftirilecektir.<br \/><br \/>SE\u011eMEN SU b\u00fcnyesinde ki\u015fisel verilerin i\u015flenmesi bak\u0131m\u0131ndan 6698 say\u0131l\u0131 KVKK\u2019n\u0131n 11. maddesi uyar\u0131nca ilgili ki\u015filerin sahip oldu\u011fu haklar a\u015fa\u011f\u0131da belirtilmi\u015ftir:<\/p><p>\u00a0<\/p><ol><li>Ki\u015fisel verisinin i\u015flenip i\u015flenmedi\u011fini \u00f6\u011frenme,<\/li><li>Ki\u015fisel verileri i\u015flenmi\u015fse buna ili\u015fkin bilgi talep etme,<\/li><li>Ki\u015fisel verilerin i\u015flenme amac\u0131n\u0131 ve bunlar\u0131n amac\u0131na uygun kullan\u0131l\u0131p kullan\u0131lmad\u0131\u011f\u0131n\u0131 \u00f6\u011frenme,<\/li><li>Yurt i\u00e7inde veya yurt d\u0131\u015f\u0131nda ki\u015fisel verilerin aktar\u0131ld\u0131\u011f\u0131 \u00fc\u00e7\u00fcnc\u00fc ki\u015fileri bilme,<\/li><li>Ki\u015fisel verilerin eksik veya yanl\u0131\u015f i\u015flenmi\u015f olmas\u0131 h\u00e2linde bunlar\u0131n d\u00fczeltilmesini isteme ve bu kapsamda yap\u0131lan i\u015flemin ki\u015fisel verilerin aktar\u0131ld\u0131\u011f\u0131 \u00fc\u00e7\u00fcnc\u00fc ki\u015filere bildirilmesini isteme,<\/li><li>KVKK ve ilgili di\u011fer kanun h\u00fck\u00fcmlerine uygun olarak i\u015flenmi\u015f olmas\u0131na ra\u011fmen, i\u015flenmesini gerektiren sebeplerin ortadan kalkmas\u0131 h\u00e2linde ki\u015fisel verilerin silinmesini veya yok edilmesini isteme ve bu kapsamda yap\u0131lan i\u015flemin ki\u015fisel verilerin aktar\u0131ld\u0131\u011f\u0131 \u00fc\u00e7\u00fcnc\u00fc ki\u015filere bildirilmesini isteme,<\/li><li>\u0130\u015flenen verilerin m\u00fcnhas\u0131ran otomatik sistemler vas\u0131tas\u0131yla analiz edilmesi suretiyle ki\u015finin kendisi aleyhine bir sonucun ortaya \u00e7\u0131kmas\u0131na itiraz etme,<\/li><li>Ki\u015fisel verilerin kanuna ayk\u0131r\u0131 olarak i\u015flenmesi sebebiyle zarara u\u011framas\u0131 h\u00e2linde zarar\u0131n giderilmesini talep etme.<\/li><\/ol><p>\u00a0<\/p><p>Belirtilen haklara ili\u015fkin olas\u0131 taleplerinizi, yaz\u0131l\u0131 ve \u0131slak imzal\u0131 \u015fekilde ge\u00e7erli bir kimlik fotokopisi ekleyerek Oran Mh. Konya Yolu Mevl\u00e2na Bulvar\u0131 Samanyolu Rekreasyon Evleri No: 471 \u00c7ankaya ANKARA adresine veya kay\u0131tl\u0131 elektronik posta (KEP) adresi, g\u00fcvenli elektronik imza, mobil imza ya da daha \u00f6nce bize bildirdi\u011finiz ve sistemimizde kay\u0131tl\u0131 bulunan elektronik posta adresiniz var ise bu elektronik posta adresinizi kullanarak info@segmenlersu.com.tr adresli kay\u0131tl\u0131 elektronik posta adresimize iletebilirsiniz. Talepleriniz Ki\u015fisel Verileri Koruma Kurumu taraf\u0131ndan 10 Mart 2018 tarihli ve 30356 say\u0131l\u0131 Resm\u00ee Gazete\u2019de yay\u0131mlanan \u201cVeri Sorumlusuna Ba\u015fvuru Usul ve Esaslar\u0131 Hakk\u0131nda Tebli\u011f\u201d de yer alan ilkeler do\u011frultusunda cevapland\u0131r\u0131lacakt\u0131r.<\/p><p>\u00a0<\/p><p>Kamuoyuna sayg\u0131yla duyurulur.<\/p>\t\t\t\t\t\t<\/div>\n\t\t\t\t<\/div>\n\t\t\t\t\t<\/div>\n\t\t<\/div>\n\t\t\t\t\t\t\t<\/div>\n\t\t<\/section>\n\t\t\t\t<section class=\"elementor-section elementor-top-section elementor-element elementor-element-7258b0a5 elementor-section-full_width elementor-section-stretched elementor-section-height-default elementor-section-height-default\" data-id=\"7258b0a5\" data-element_type=\"section\" data-settings=\"{&quot;stretch_section&quot;:&quot;section-stretched&quot;,&quot;background_background&quot;:&quot;classic&quot;}\">\n\t\t\t\t\t\t<div class=\"elementor-container elementor-column-gap-default\">\n\t\t\t\t\t<div class=\"elementor-column elementor-col-100 elementor-top-column elementor-element elementor-element-ede3d65\" data-id=\"ede3d65\" data-element_type=\"column\">\n\t\t\t<div class=\"elementor-widget-wrap elementor-element-populated\">\n\t\t\t\t\t\t\t\t<div class=\"elementor-element elementor-element-2907ead8 elementor-widget elementor-widget-image\" data-id=\"2907ead8\" data-element_type=\"widget\" data-widget_type=\"image.default\">\n\t\t\t\t<div class=\"elementor-widget-container\">\n\t\t\t\t\t\t\t\t\t\t\t\t\t\t\t<img decoding=\"async\" src=\"https:\/\/segmenlersu.com.tr\/wp-content\/uploads\/2021\/09\/footerr-1.png\" title=\"footerr\" alt=\"footerr\" \/>\t\t\t\t\t\t\t\t\t\t\t\t\t\t\t<\/div>\n\t\t\t\t<\/div>\n\t\t\t\t\t<\/div>\n\t\t<\/div>\n\t\t\t\t\t\t\t<\/div>\n\t\t<\/section>\n\t\t\t\t\t\t<\/div>\n\t\t\t\t\t<\/div>\n\t\t","protected":false},"excerpt":{"rendered":"<p>K\u0130\u015e\u0130SEL VER\u0130LER\u0130N KORUNMASI VE \u0130\u015eLENMES\u0130 HAKKINDA AYDINLATMA METN\u0130 \u00a0 SE\u011eMEN SU Mad. Mak. G\u0131d. \u0130n. Tur. \u0130th. \u0130hr. San. Tic. A.\u015e. (SE\u011eMEN SU) olarak web sitemizi kullan\u0131rken, web sitemizde yer alan ilgili ba\u015fvuru formlar\u0131n\u0131 doldurmak suretiyle veya sair yollarla taraf\u0131m\u0131za iletmi\u015f oldu\u011funuz ki\u015fisel verilerinizin g\u00fcvenli\u011fini son derece \u00f6nemsiyoruz. Bu do\u011frultuda, 6698 say\u0131l\u0131 \u201cKi\u015fisel Verilerin Korunmas\u0131 &hellip; <br \/><a href=\"https:\/\/segmenlersu.com.tr\/index.php\/kvkk\/\" class=\"more-link\">Continue reading <span class=\"screen-reader-text\">KVKK Ayd\u0131nlatma Metni<\/span><\/a><\/p>\n","protected":false},"author":1,"featured_media":0,"parent":0,"menu_order":0,"comment_status":"closed","ping_status":"closed","template":"","meta":{"footnotes":""},"class_list":["post-2767","page","type-page","status-publish","hentry"],"_links":{"self":[{"href":"https:\/\/segmenlersu.com.tr\/index.php\/wp-json\/wp\/v2\/pages\/2767","targetHints":{"allow":["GET"]}}],"collection":[{"href":"https:\/\/segmenlersu.com.tr\/index.php\/wp-json\/wp\/v2\/pages"}],"about":[{"href":"https:\/\/segmenlersu.com.tr\/index.php\/wp-json\/wp\/v2\/types\/page"}],"author":[{"embeddable":true,"href":"https:\/\/segmenlersu.com.tr\/index.php\/wp-json\/wp\/v2\/users\/1"}],"replies":[{"embeddable":true,"href":"https:\/\/segmenlersu.com.tr\/index.php\/wp-json\/wp\/v2\/comments?post=2767"}],"version-history":[{"count":4,"href":"https:\/\/segmenlersu.com.tr\/index.php\/wp-json\/wp\/v2\/pages\/2767\/revisions"}],"predecessor-version":[{"id":2771,"href":"https:\/\/segmenlersu.com.tr\/index.php\/wp-json\/wp\/v2\/pages\/2767\/revisions\/2771"}],"wp:attachment":[{"href":"https:\/\/segmenlersu.com.tr\/index.php\/wp-json\/wp\/v2\/media?parent=2767"}],"curies":[{"name":"wp","href":"https:\/\/api.w.org\/{rel}","templated":true}]}}