{"id":2864,"date":"2021-12-22T15:23:04","date_gmt":"2021-12-22T12:23:04","guid":{"rendered":"http:\/\/segmenlersu.com.tr\/?page_id=2864"},"modified":"2024-04-19T14:11:27","modified_gmt":"2024-04-19T11:11:27","slug":"abonelik-basvuru-formu","status":"publish","type":"page","link":"https:\/\/segmenlersu.com.tr\/index.php\/abonelik-basvuru-formu\/","title":{"rendered":"Abonelik Ba\u015fvuru Formu"},"content":{"rendered":"\t\t<div data-elementor-type=\"wp-page\" data-elementor-id=\"2864\" class=\"elementor elementor-2864\" data-elementor-settings=\"[]\">\n\t\t\t\t\t\t\t<div class=\"elementor-section-wrap\">\n\t\t\t\t\t\t\t<section class=\"elementor-section elementor-top-section elementor-element elementor-element-04e1cca elementor-section-boxed elementor-section-height-default elementor-section-height-default\" data-id=\"04e1cca\" data-element_type=\"section\">\n\t\t\t\t\t\t<div class=\"elementor-container elementor-column-gap-default\">\n\t\t\t\t\t<div class=\"elementor-column elementor-col-100 elementor-top-column elementor-element elementor-element-cdc0610\" data-id=\"cdc0610\" data-element_type=\"column\">\n\t\t\t<div class=\"elementor-widget-wrap elementor-element-populated\">\n\t\t\t\t\t\t\t\t<div class=\"elementor-element elementor-element-628be7e elementor-widget elementor-widget-image\" data-id=\"628be7e\" data-element_type=\"widget\" data-widget_type=\"image.default\">\n\t\t\t\t<div class=\"elementor-widget-container\">\n\t\t\t\t\t\t\t\t\t\t\t\t\t\t\t<img loading=\"lazy\" decoding=\"async\" width=\"570\" height=\"469\" src=\"https:\/\/segmenlersu.com.tr\/wp-content\/uploads\/2021\/10\/segmensuhaymana.jpg\" class=\"attachment-full size-full\" alt=\"\" srcset=\"https:\/\/segmenlersu.com.tr\/wp-content\/uploads\/2021\/10\/segmensuhaymana.jpg 570w, https:\/\/segmenlersu.com.tr\/wp-content\/uploads\/2021\/10\/segmensuhaymana-300x247.jpg 300w\" sizes=\"auto, (max-width: 570px) 100vw, 570px\" \/>\t\t\t\t\t\t\t\t\t\t\t\t\t\t\t<\/div>\n\t\t\t\t<\/div>\n\t\t\t\t\t<\/div>\n\t\t<\/div>\n\t\t\t\t\t\t\t<\/div>\n\t\t<\/section>\n\t\t\t\t<section class=\"elementor-section elementor-top-section elementor-element elementor-element-18bd33b9 elementor-section-content-middle elementor-section-boxed elementor-section-height-default elementor-section-height-default\" data-id=\"18bd33b9\" data-element_type=\"section\">\n\t\t\t\t\t\t<div class=\"elementor-container elementor-column-gap-no\">\n\t\t\t\t\t<div class=\"elementor-column elementor-col-100 elementor-top-column elementor-element elementor-element-228d011c\" data-id=\"228d011c\" data-element_type=\"column\">\n\t\t\t<div class=\"elementor-widget-wrap elementor-element-populated\">\n\t\t\t\t\t\t\t\t<div class=\"elementor-element elementor-element-5527d4a4 elementor-widget elementor-widget-heading\" data-id=\"5527d4a4\" data-element_type=\"widget\" data-widget_type=\"heading.default\">\n\t\t\t\t<div class=\"elementor-widget-container\">\n\t\t\t<h4 class=\"elementor-heading-title elementor-size-default\">Abonelik Ba\u015fvuru Formu<\/h4>\t\t<\/div>\n\t\t\t\t<\/div>\n\t\t\t\t<div class=\"elementor-element elementor-element-666407b elementor-widget elementor-widget-heading\" data-id=\"666407b\" data-element_type=\"widget\" data-widget_type=\"heading.default\">\n\t\t\t\t<div class=\"elementor-widget-container\">\n\t\t\t<h2 class=\"elementor-heading-title elementor-size-default\">Abonelik ba\u015fvuru formunu doldurarak en yak\u0131n bayimizden ihtiyac\u0131n\u0131z olan \u00fcr\u00fcnlerimizi h\u0131zl\u0131 bir \u015fekilde temin edebilirsiniz.<\/h2>\t\t<\/div>\n\t\t\t\t<\/div>\n\t\t\t\t<div class=\"elementor-element elementor-element-5d6d428d elementor-button-align-end elementor-mobile-button-align-center elementor-widget elementor-widget-form\" data-id=\"5d6d428d\" data-element_type=\"widget\" data-settings=\"{&quot;step_next_label&quot;:&quot;Next&quot;,&quot;step_previous_label&quot;:&quot;Previous&quot;,&quot;button_width&quot;:&quot;100&quot;,&quot;step_type&quot;:&quot;number_text&quot;,&quot;step_icon_shape&quot;:&quot;circle&quot;}\" data-widget_type=\"form.default\">\n\t\t\t\t<div class=\"elementor-widget-container\">\n\t\t\t\t\t<form class=\"elementor-form\" method=\"post\" name=\"New Form\">\n\t\t\t<input type=\"hidden\" name=\"post_id\" value=\"2864\"\/>\n\t\t\t<input type=\"hidden\" name=\"form_id\" value=\"5d6d428d\"\/>\n\t\t\t<input type=\"hidden\" name=\"referer_title\" value=\"\" \/>\n\n\t\t\t\n\t\t\t<div class=\"elementor-form-fields-wrapper elementor-labels-above\">\n\t\t\t\t\t\t\t\t<div class=\"elementor-field-type-text elementor-field-group elementor-column elementor-field-group-ad_soyad elementor-col-50 elementor-field-required elementor-mark-required\">\n\t\t\t\t\t<label for=\"form-field-ad_soyad\" class=\"elementor-field-label\">ADINIZ SOYADINIZ<\/label><input size=\"1\" type=\"text\" name=\"form_fields[ad_soyad]\" id=\"form-field-ad_soyad\" class=\"elementor-field elementor-size-sm  elementor-field-textual\" placeholder=\"Ad\u0131n\u0131z - Soyad\u0131n\u0131z\" required=\"required\" aria-required=\"true\">\t\t\t\t<\/div>\n\t\t\t\t\t\t\t\t<div class=\"elementor-field-type-email elementor-field-group elementor-column elementor-field-group-email elementor-col-50 elementor-field-required elementor-mark-required\">\n\t\t\t\t\t<label for=\"form-field-email\" class=\"elementor-field-label\">E-MAIL ADRES\u0130N\u0130Z<\/label><input size=\"1\" type=\"email\" name=\"form_fields[email]\" id=\"form-field-email\" class=\"elementor-field elementor-size-sm  elementor-field-textual\" placeholder=\"E-Mail Adresiniz\" required=\"required\" aria-required=\"true\">\t\t\t\t<\/div>\n\t\t\t\t\t\t\t\t<div class=\"elementor-field-type-tel elementor-field-group elementor-column elementor-field-group-cep_telefon elementor-col-50 elementor-field-required elementor-mark-required\">\n\t\t\t\t\t<label for=\"form-field-cep_telefon\" class=\"elementor-field-label\">CEP TELEFONU<\/label><input size=\"1\" type=\"tel\" name=\"form_fields[cep_telefon]\" id=\"form-field-cep_telefon\" class=\"elementor-field elementor-size-sm  elementor-field-textual\" placeholder=\"Gsm Numaran\u0131z\" required=\"required\" aria-required=\"true\" pattern=\"[0-9()#&amp;+*-=.]+\" title=\"Only numbers and phone characters (#, -, *, etc) are accepted.\">\t\t\t\t<\/div>\n\t\t\t\t\t\t\t\t<div class=\"elementor-field-type-textarea elementor-field-group elementor-column elementor-field-group-mesaj elementor-col-50\">\n\t\t\t\t\t<label for=\"form-field-mesaj\" class=\"elementor-field-label\">MESAJINIZ<\/label><textarea class=\"elementor-field-textual elementor-field  elementor-size-sm\" name=\"form_fields[mesaj]\" id=\"form-field-mesaj\" rows=\"4\" placeholder=\"Mesaj\u0131n\u0131z\"><\/textarea>\t\t\t\t<\/div>\n\t\t\t\t\t\t\t\t<div class=\"elementor-field-type-radio elementor-field-group elementor-column elementor-field-group-kvkk elementor-col-100 elementor-field-required elementor-mark-required\">\n\t\t\t\t\t<label for=\"form-field-kvkk\" class=\"elementor-field-label\">\t<a href=\"http:\/\/segmenlersu.com.tr\/index.php\/kvkk\/\" target=\"_blank\">KVKK ayd\u0131nlatma metnini buraya t\u0131klayarak okuyabilirsiniz<\/a><\/label><div class=\"elementor-field-subgroup  elementor-subgroup-inline\"><span class=\"elementor-field-option\"><input type=\"radio\" value=\"KVKK ayd\u0131nlatma metnini okudum.\" id=\"form-field-kvkk-0\" name=\"form_fields[kvkk]\" required=\"required\" aria-required=\"true\"> <label for=\"form-field-kvkk-0\">KVKK ayd\u0131nlatma metnini okudum.<\/label><\/span><\/div>\t\t\t\t<\/div>\n\t\t\t\t\t\t\t\t<div class=\"elementor-field-group elementor-column elementor-field-type-submit elementor-col-100 e-form__buttons\">\n\t\t\t\t\t<button type=\"submit\" class=\"elementor-button elementor-size-md\">\n\t\t\t\t\t\t<span >\n\t\t\t\t\t\t\t\t\t\t\t\t\t\t\t<span class=\" elementor-button-icon\">\n\t\t\t\t\t\t\t\t\t\t\t\t\t\t\t\t\t\t\t\t\t\t\t\t\t\t<\/span>\n\t\t\t\t\t\t\t\t\t\t\t\t\t\t\t\t\t\t\t\t\t\t<span class=\"elementor-button-text\">Ba\u015fvuruyu tamamla<\/span>\n\t\t\t\t\t\t\t\t\t\t\t\t\t<\/span>\n\t\t\t\t\t<\/button>\n\t\t\t\t<\/div>\n\t\t\t<\/div>\n\t\t<\/form>\n\t\t\t\t<\/div>\n\t\t\t\t<\/div>\n\t\t\t\t\t<\/div>\n\t\t<\/div>\n\t\t\t\t\t\t\t<\/div>\n\t\t<\/section>\n\t\t\t\t\t\t<\/div>\n\t\t\t\t\t<\/div>\n\t\t","protected":false},"excerpt":{"rendered":"<p>Abonelik Ba\u015fvuru Formu Abonelik ba\u015fvuru formunu doldurarak en yak\u0131n bayimizden ihtiyac\u0131n\u0131z olan \u00fcr\u00fcnlerimizi h\u0131zl\u0131 bir \u015fekilde temin edebilirsiniz.<\/p>\n","protected":false},"author":1,"featured_media":0,"parent":0,"menu_order":0,"comment_status":"closed","ping_status":"closed","template":"","meta":{"footnotes":""},"class_list":["post-2864","page","type-page","status-publish","hentry"],"_links":{"self":[{"href":"https:\/\/segmenlersu.com.tr\/index.php\/wp-json\/wp\/v2\/pages\/2864","targetHints":{"allow":["GET"]}}],"collection":[{"href":"https:\/\/segmenlersu.com.tr\/index.php\/wp-json\/wp\/v2\/pages"}],"about":[{"href":"https:\/\/segmenlersu.com.tr\/index.php\/wp-json\/wp\/v2\/types\/page"}],"author":[{"embeddable":true,"href":"https:\/\/segmenlersu.com.tr\/index.php\/wp-json\/wp\/v2\/users\/1"}],"replies":[{"embeddable":true,"href":"https:\/\/segmenlersu.com.tr\/index.php\/wp-json\/wp\/v2\/comments?post=2864"}],"version-history":[{"count":58,"href":"https:\/\/segmenlersu.com.tr\/index.php\/wp-json\/wp\/v2\/pages\/2864\/revisions"}],"predecessor-version":[{"id":3659,"href":"https:\/\/segmenlersu.com.tr\/index.php\/wp-json\/wp\/v2\/pages\/2864\/revisions\/3659"}],"wp:attachment":[{"href":"https:\/\/segmenlersu.com.tr\/index.php\/wp-json\/wp\/v2\/media?parent=2864"}],"curies":[{"name":"wp","href":"https:\/\/api.w.org\/{rel}","templated":true}]}}