{"id":2888,"date":"2021-12-22T15:50:44","date_gmt":"2021-12-22T12:50:44","guid":{"rendered":"http:\/\/segmenlersu.com.tr\/?page_id=2888"},"modified":"2024-10-18T11:42:42","modified_gmt":"2024-10-18T08:42:42","slug":"duyurular","status":"publish","type":"page","link":"https:\/\/segmenlersu.com.tr\/index.php\/duyurular\/","title":{"rendered":"Duyurular"},"content":{"rendered":"\t\t<div data-elementor-type=\"wp-page\" data-elementor-id=\"2888\" class=\"elementor elementor-2888\" data-elementor-settings=\"[]\">\n\t\t\t\t\t\t\t<div class=\"elementor-section-wrap\">\n\t\t\t\t\t\t\t<section class=\"elementor-section elementor-top-section elementor-element elementor-element-13c123d elementor-section-boxed elementor-section-height-default elementor-section-height-default\" data-id=\"13c123d\" data-element_type=\"section\">\n\t\t\t\t\t\t<div class=\"elementor-container elementor-column-gap-default\">\n\t\t\t\t\t<div class=\"elementor-column elementor-col-100 elementor-top-column elementor-element elementor-element-cf08fb6\" data-id=\"cf08fb6\" data-element_type=\"column\">\n\t\t\t<div class=\"elementor-widget-wrap elementor-element-populated\">\n\t\t\t\t\t\t\t\t<div class=\"elementor-element elementor-element-d653295 elementor-widget elementor-widget-heading\" data-id=\"d653295\" data-element_type=\"widget\" data-widget_type=\"heading.default\">\n\t\t\t\t<div class=\"elementor-widget-container\">\n\t\t\t<h2 class=\"elementor-heading-title elementor-size-default\">Bilgi Toplumu Hizmetleri<\/h2>\t\t<\/div>\n\t\t\t\t<\/div>\n\t\t\t\t<div class=\"elementor-element elementor-element-d61c1d7 elementor-widget elementor-widget-heading\" data-id=\"d61c1d7\" data-element_type=\"widget\" data-widget_type=\"heading.default\">\n\t\t\t\t<div class=\"elementor-widget-container\">\n\t\t\t<h2 class=\"elementor-heading-title elementor-size-default\">Ticari Sicil Bilgileri<\/h2>\t\t<\/div>\n\t\t\t\t<\/div>\n\t\t\t\t\t<\/div>\n\t\t<\/div>\n\t\t\t\t\t\t\t<\/div>\n\t\t<\/section>\n\t\t\t\t<section class=\"elementor-section elementor-top-section elementor-element elementor-element-feda87c elementor-section-boxed elementor-section-height-default elementor-section-height-default\" data-id=\"feda87c\" data-element_type=\"section\">\n\t\t\t\t\t\t<div class=\"elementor-container elementor-column-gap-default\">\n\t\t\t\t\t<div class=\"elementor-column elementor-col-100 elementor-top-column elementor-element elementor-element-ea5ec80\" data-id=\"ea5ec80\" data-element_type=\"column\">\n\t\t\t<div class=\"elementor-widget-wrap elementor-element-populated\">\n\t\t\t\t\t\t\t\t<div class=\"elementor-element elementor-element-09f43cf elementor-widget elementor-widget-text-editor\" data-id=\"09f43cf\" data-element_type=\"widget\" data-widget_type=\"text-editor.default\">\n\t\t\t\t<div class=\"elementor-widget-container\">\n\t\t\t\t\t\t\t\t<p><strong>\u015eirket Ad\u0131: SE\u011eMEN SU MADENC\u0130L\u0130K MAK. GID. \u0130N\u015e. TUR. \u0130TH. SAN VE T\u0130C. A.\u015e<br>Adres: ORAN MAH. MEVLANA BLV. SAMANYOLU REKREASYON EVLER\u0130 NO:471 \u00c7ANKAYA\/ANKARA<\/strong> <br><strong>Telefon: 0312 397 00 27<\/strong> <br><strong>Faks: 0312 354 04 61<\/strong> <br><strong>Oda Sicil: 215207<\/strong> <br><strong>Kay\u0131tl\u0131 Oldu\u011fu Oda: ATO<\/strong> <br><strong>Vergi Numaras\u0131: 7580237720<\/strong> <br><strong>Vergi Dairesi: SE\u011eMENLER<\/strong> <br><strong>Mersis Numaras\u0131: 0758 0237 7200 0012<\/strong><\/p>\n<p><\/p>\n<p>Taah\u00fct Edilen Sermaye: 440.000.000.00 TL<br>\u00d6denen Sermaye: 177.500.000.00 TL<\/p>\n<p><\/p>\t\t\t\t\t\t<\/div>\n\t\t\t\t<\/div>\n\t\t\t\t\t<\/div>\n\t\t<\/div>\n\t\t\t\t\t\t\t<\/div>\n\t\t<\/section>\n\t\t\t\t<section class=\"elementor-section elementor-top-section elementor-element elementor-element-e4e0166 elementor-section-boxed elementor-section-height-default elementor-section-height-default\" data-id=\"e4e0166\" data-element_type=\"section\">\n\t\t\t\t\t\t<div class=\"elementor-container elementor-column-gap-default\">\n\t\t\t\t\t<div class=\"elementor-column elementor-col-100 elementor-top-column elementor-element elementor-element-8e2f487\" data-id=\"8e2f487\" data-element_type=\"column\">\n\t\t\t<div class=\"elementor-widget-wrap elementor-element-populated\">\n\t\t\t\t\t\t\t\t<div class=\"elementor-element elementor-element-9160af0 elementor-widget elementor-widget-button\" data-id=\"9160af0\" data-element_type=\"widget\" data-widget_type=\"button.default\">\n\t\t\t\t<div class=\"elementor-widget-container\">\n\t\t\t\t\t<div class=\"elementor-button-wrapper\">\n\t\t\t<a href=\"https:\/\/segmenlersu.com.tr\/wp-content\/uploads\/2023\/07\/YONETIM-IC-YONERGESI-YENIII.pdf\" target=\"_blank\" class=\"elementor-button-link elementor-button elementor-size-sm\" role=\"button\">\n\t\t\t\t\t\t<span class=\"elementor-button-content-wrapper\">\n\t\t\t\t\t\t<span class=\"elementor-button-text\">\u0130\u00c7 Y\u00d6NERGE<\/span>\n\t\t<\/span>\n\t\t\t\t\t<\/a>\n\t\t<\/div>\n\t\t\t\t<\/div>\n\t\t\t\t<\/div>\n\t\t\t\t\t<\/div>\n\t\t<\/div>\n\t\t\t\t\t\t\t<\/div>\n\t\t<\/section>\n\t\t\t\t\t\t<\/div>\n\t\t\t\t\t<\/div>\n\t\t","protected":false},"excerpt":{"rendered":"<p>Bilgi Toplumu Hizmetleri Ticari Sicil Bilgileri \u015eirket Ad\u0131: SE\u011eMEN SU MADENC\u0130L\u0130K MAK. GID. \u0130N\u015e. TUR. \u0130TH. SAN VE T\u0130C. A.\u015eAdres: ORAN MAH. MEVLANA BLV. SAMANYOLU REKREASYON EVLER\u0130 NO:471 \u00c7ANKAYA\/ANKARA Telefon: 0312 397 00 27 Faks: 0312 354 04 61 Oda Sicil: 215207 Kay\u0131tl\u0131 Oldu\u011fu Oda: ATO Vergi Numaras\u0131: 7580237720 Vergi Dairesi: SE\u011eMENLER Mersis Numaras\u0131: 0758 &hellip; <br \/><a href=\"https:\/\/segmenlersu.com.tr\/index.php\/duyurular\/\" class=\"more-link\">Continue reading <span class=\"screen-reader-text\">Duyurular<\/span><\/a><\/p>\n","protected":false},"author":1,"featured_media":0,"parent":0,"menu_order":0,"comment_status":"closed","ping_status":"closed","template":"","meta":{"footnotes":""},"class_list":["post-2888","page","type-page","status-publish","hentry"],"_links":{"self":[{"href":"https:\/\/segmenlersu.com.tr\/index.php\/wp-json\/wp\/v2\/pages\/2888","targetHints":{"allow":["GET"]}}],"collection":[{"href":"https:\/\/segmenlersu.com.tr\/index.php\/wp-json\/wp\/v2\/pages"}],"about":[{"href":"https:\/\/segmenlersu.com.tr\/index.php\/wp-json\/wp\/v2\/types\/page"}],"author":[{"embeddable":true,"href":"https:\/\/segmenlersu.com.tr\/index.php\/wp-json\/wp\/v2\/users\/1"}],"replies":[{"embeddable":true,"href":"https:\/\/segmenlersu.com.tr\/index.php\/wp-json\/wp\/v2\/comments?post=2888"}],"version-history":[{"count":40,"href":"https:\/\/segmenlersu.com.tr\/index.php\/wp-json\/wp\/v2\/pages\/2888\/revisions"}],"predecessor-version":[{"id":3678,"href":"https:\/\/segmenlersu.com.tr\/index.php\/wp-json\/wp\/v2\/pages\/2888\/revisions\/3678"}],"wp:attachment":[{"href":"https:\/\/segmenlersu.com.tr\/index.php\/wp-json\/wp\/v2\/media?parent=2888"}],"curies":[{"name":"wp","href":"https:\/\/api.w.org\/{rel}","templated":true}]}}