{"id":3680,"date":"2024-11-07T09:55:14","date_gmt":"2024-11-07T06:55:14","guid":{"rendered":"https:\/\/segmenlersu.com.tr\/?page_id=3680"},"modified":"2025-12-10T16:53:00","modified_gmt":"2025-12-10T13:53:00","slug":"vizyon-ve-misyon","status":"publish","type":"page","link":"https:\/\/segmenlersu.com.tr\/index.php\/vizyon-ve-misyon\/","title":{"rendered":"Vizyon ve Misyon"},"content":{"rendered":"\t\t<div data-elementor-type=\"wp-page\" data-elementor-id=\"3680\" class=\"elementor elementor-3680\" data-elementor-settings=\"[]\">\n\t\t\t\t\t\t\t<div class=\"elementor-section-wrap\">\n\t\t\t\t\t\t\t<section class=\"elementor-section elementor-top-section elementor-element elementor-element-e62d4f5 elementor-section-stretched elementor-section-content-middle elementor-section-boxed elementor-section-height-default elementor-section-height-default\" data-id=\"e62d4f5\" data-element_type=\"section\" data-settings=\"{&quot;stretch_section&quot;:&quot;section-stretched&quot;,&quot;background_background&quot;:&quot;classic&quot;}\">\n\t\t\t\t\t\t<div class=\"elementor-container elementor-column-gap-extended\">\n\t\t\t\t\t<div class=\"elementor-column elementor-col-33 elementor-top-column elementor-element elementor-element-9568253\" data-id=\"9568253\" data-element_type=\"column\">\n\t\t\t<div class=\"elementor-widget-wrap elementor-element-populated\">\n\t\t\t\t\t\t\t\t<div class=\"elementor-element elementor-element-9e17d3c elementor-widget elementor-widget-spacer\" data-id=\"9e17d3c\" data-element_type=\"widget\" data-widget_type=\"spacer.default\">\n\t\t\t\t<div class=\"elementor-widget-container\">\n\t\t\t\t\t<div class=\"elementor-spacer\">\n\t\t\t<div class=\"elementor-spacer-inner\"><\/div>\n\t\t<\/div>\n\t\t\t\t<\/div>\n\t\t\t\t<\/div>\n\t\t\t\t<div class=\"elementor-element elementor-element-ff99ac9 elementor-widget elementor-widget-heading\" data-id=\"ff99ac9\" data-element_type=\"widget\" data-widget_type=\"heading.default\">\n\t\t\t\t<div class=\"elementor-widget-container\">\n\t\t\t<h2 class=\"elementor-heading-title elementor-size-default\">V\u0130ZYON VE M\u0130SYON<\/h2>\t\t<\/div>\n\t\t\t\t<\/div>\n\t\t\t\t<div class=\"elementor-element elementor-element-ce19ddc elementor-widget elementor-widget-text-editor\" data-id=\"ce19ddc\" data-element_type=\"widget\" data-widget_type=\"text-editor.default\">\n\t\t\t\t<div class=\"elementor-widget-container\">\n\t\t\t\t\t\t\t\t<p class=\"x_MsoNormal\"><b data-olk-copy-source=\"MessageBody\">Vizyon:<\/b><\/p>\n<p class=\"x_MsoNormal\">&#8220;Toplum sa\u011fl\u0131\u011f\u0131n\u0131 \u00f6n planda tutarak, her b\u00fct\u00e7eye uygun, kaliteli ve g\u00fcvenilir i\u00e7me suyu sa\u011flamak. Belediyemizin g\u00fcvencesiyle, \u00e7evre dostu ve s\u00fcrd\u00fcr\u00fclebilir \u00fcretim s\u00fcre\u00e7leriyle, her kesime ula\u015fan su \u00e7\u00f6z\u00fcmleri sunarak ya\u015fam kalitesini art\u0131rmak.&#8221;<\/p>\n<p class=\"x_MsoNormal\"><b>Misyon:<\/b><\/p>\n<p class=\"x_MsoNormal\">&#8220;Belediye b\u00fcnyesinde faaliyet g\u00f6steren bir firma olarak, halk\u0131m\u0131za en uygun fiyatlarla temiz, sa\u011fl\u0131kl\u0131 ve kaliteli i\u00e7me suyu sunmay\u0131 hedeflemek. Do\u011fal kaynaklar\u0131m\u0131z\u0131 koruyarak, \u015feffaf ve hesap verebilir bir \u00fcretim anlay\u0131\u015f\u0131yla, s\u00fcrd\u00fcr\u00fclebilirlik ve toplum yarar\u0131 do\u011frultusunda hizmet vermek. Her ad\u0131mda m\u00fc\u015fteri memnuniyetini \u00f6n planda tutarak, her bireyin temiz suya ula\u015fabilmesini sa\u011flamak.&#8221;<\/p>\t\t\t\t\t\t<\/div>\n\t\t\t\t<\/div>\n\t\t\t\t\t<\/div>\n\t\t<\/div>\n\t\t\t\t<div class=\"elementor-column elementor-col-33 elementor-top-column elementor-element elementor-element-54f1e64 elementor-hidden-tablet elementor-hidden-phone\" data-id=\"54f1e64\" data-element_type=\"column\">\n\t\t\t<div class=\"elementor-widget-wrap\">\n\t\t\t\t\t\t\t\t\t<\/div>\n\t\t<\/div>\n\t\t\t\t<div class=\"elementor-column elementor-col-33 elementor-top-column elementor-element elementor-element-39f386b\" data-id=\"39f386b\" data-element_type=\"column\">\n\t\t\t<div class=\"elementor-widget-wrap elementor-element-populated\">\n\t\t\t\t\t\t\t\t<div class=\"elementor-element elementor-element-c0c9eaa elementor-widget elementor-widget-apus_element_banner\" data-id=\"c0c9eaa\" data-element_type=\"widget\" data-widget_type=\"apus_element_banner.default\">\n\t\t\t\t<div class=\"elementor-widget-container\">\n\t\t\t        <div class=\"widget-banner  style3\">\n            \n                                    <div class=\"banner-image\">\n                        <div class=\"image-wrapper\"><img loading=\"lazy\" decoding=\"async\" width=\"938\" height=\"668\" src=\"https:\/\/segmenlersu.com.tr\/wp-content\/uploads\/2024\/11\/Ekran-goruntusu-2024-11-07-100733222222.png\" class=\"attachment-full size-full\" alt=\"\" srcset=\"https:\/\/segmenlersu.com.tr\/wp-content\/uploads\/2024\/11\/Ekran-goruntusu-2024-11-07-100733222222.png 938w, https:\/\/segmenlersu.com.tr\/wp-content\/uploads\/2024\/11\/Ekran-goruntusu-2024-11-07-100733222222-300x214.png 300w, https:\/\/segmenlersu.com.tr\/wp-content\/uploads\/2024\/11\/Ekran-goruntusu-2024-11-07-100733222222-768x547.png 768w\" sizes=\"auto, (max-width: 938px) 100vw, 938px\" \/><\/div>                    <\/div>\n                \n            \n                            <div class=\"banner-image-top st_right\">                    \n                    <div class=\"image-wrapper\"><img loading=\"lazy\" decoding=\"async\" width=\"173\" height=\"194\" src=\"https:\/\/segmenlersu.com.tr\/wp-content\/uploads\/2021\/11\/hover_bg.png\" class=\"attachment-full size-full\" alt=\"\" \/><\/div>                <\/div>\n            \n                    <\/div>\n        \t\t<\/div>\n\t\t\t\t<\/div>\n\t\t\t\t\t<\/div>\n\t\t<\/div>\n\t\t\t\t\t\t\t<\/div>\n\t\t<\/section>\n\t\t\t\t<section class=\"elementor-section elementor-top-section elementor-element elementor-element-45c2599f animated-slow elementor-section-boxed elementor-section-height-default elementor-section-height-default elementor-invisible\" data-id=\"45c2599f\" data-element_type=\"section\" data-settings=\"{&quot;background_background&quot;:&quot;classic&quot;,&quot;animation&quot;:&quot;slideInUp&quot;,&quot;animation_delay&quot;:500}\">\n\t\t\t\t\t\t\t<div class=\"elementor-background-overlay\"><\/div>\n\t\t\t\t\t\t\t<div class=\"elementor-container elementor-column-gap-default\">\n\t\t\t\t\t<div class=\"elementor-column elementor-col-100 elementor-top-column elementor-element elementor-element-505d6a20\" data-id=\"505d6a20\" data-element_type=\"column\">\n\t\t\t<div class=\"elementor-widget-wrap elementor-element-populated\">\n\t\t\t\t\t\t\t\t<div class=\"elementor-element elementor-element-6027cc91 elementor-widget elementor-widget-image-carousel\" data-id=\"6027cc91\" data-element_type=\"widget\" data-settings=\"{&quot;slides_to_show&quot;:&quot;4&quot;,&quot;navigation&quot;:&quot;none&quot;,&quot;autoplay&quot;:&quot;yes&quot;,&quot;pause_on_hover&quot;:&quot;yes&quot;,&quot;pause_on_interaction&quot;:&quot;yes&quot;,&quot;autoplay_speed&quot;:5000,&quot;infinite&quot;:&quot;yes&quot;,&quot;speed&quot;:500}\" data-widget_type=\"image-carousel.default\">\n\t\t\t\t<div class=\"elementor-widget-container\">\n\t\t\t\t\t<div class=\"elementor-image-carousel-wrapper swiper-container\" dir=\"ltr\">\n\t\t\t<div class=\"elementor-image-carousel swiper-wrapper\">\n\t\t\t\t<div class=\"swiper-slide\"><figure class=\"swiper-slide-inner\"><img decoding=\"async\" class=\"swiper-slide-image\" src=\"https:\/\/segmenlersu.com.tr\/wp-content\/uploads\/elementor\/thumbs\/Ekran_goruntusu_2025-12-10_164136png-removebg-preview-rfycfyv26t1ml5fan2bqbuy5zjncbgooji6t417q1o.png\" alt=\"\" \/><\/figure><\/div>\t\t\t<\/div>\n\t\t\t\t\t<\/div>\n\t\t\t\t<\/div>\n\t\t\t\t<\/div>\n\t\t\t\t\t<\/div>\n\t\t<\/div>\n\t\t\t\t\t\t\t<\/div>\n\t\t<\/section>\n\t\t\t\t<section class=\"elementor-section elementor-top-section elementor-element elementor-element-2bac7ebe elementor-section-content-middle elementor-section-boxed elementor-section-height-default elementor-section-height-default\" data-id=\"2bac7ebe\" data-element_type=\"section\">\n\t\t\t\t\t\t<div class=\"elementor-container elementor-column-gap-no\">\n\t\t\t\t\t<div class=\"elementor-column elementor-col-100 elementor-top-column elementor-element elementor-element-48a33105\" data-id=\"48a33105\" data-element_type=\"column\">\n\t\t\t<div class=\"elementor-widget-wrap\">\n\t\t\t\t\t\t\t\t\t<\/div>\n\t\t<\/div>\n\t\t\t\t\t\t\t<\/div>\n\t\t<\/section>\n\t\t\t\t<section class=\"elementor-section elementor-top-section elementor-element elementor-element-7258b0a5 elementor-section-full_width elementor-section-stretched elementor-section-height-default elementor-section-height-default\" data-id=\"7258b0a5\" data-element_type=\"section\" data-settings=\"{&quot;stretch_section&quot;:&quot;section-stretched&quot;,&quot;background_background&quot;:&quot;classic&quot;}\">\n\t\t\t\t\t\t<div class=\"elementor-container elementor-column-gap-default\">\n\t\t\t\t\t<div class=\"elementor-column elementor-col-100 elementor-top-column elementor-element elementor-element-ede3d65\" data-id=\"ede3d65\" data-element_type=\"column\">\n\t\t\t<div class=\"elementor-widget-wrap elementor-element-populated\">\n\t\t\t\t\t\t\t\t<div class=\"elementor-element elementor-element-2907ead8 elementor-widget elementor-widget-image\" data-id=\"2907ead8\" data-element_type=\"widget\" data-widget_type=\"image.default\">\n\t\t\t\t<div class=\"elementor-widget-container\">\n\t\t\t\t\t\t\t\t\t\t\t\t\t\t\t<img loading=\"lazy\" decoding=\"async\" width=\"300\" height=\"96\" src=\"https:\/\/segmenlersu.com.tr\/wp-content\/uploads\/2025\/12\/Ekran_goruntusu_2025-12-10_164136png-removebg-preview-300x96.png\" class=\"attachment-medium size-medium\" alt=\"\" srcset=\"https:\/\/segmenlersu.com.tr\/wp-content\/uploads\/2025\/12\/Ekran_goruntusu_2025-12-10_164136png-removebg-preview-300x96.png 300w, https:\/\/segmenlersu.com.tr\/wp-content\/uploads\/2025\/12\/Ekran_goruntusu_2025-12-10_164136png-removebg-preview-768x245.png 768w, https:\/\/segmenlersu.com.tr\/wp-content\/uploads\/2025\/12\/Ekran_goruntusu_2025-12-10_164136png-removebg-preview.png 870w\" sizes=\"auto, (max-width: 300px) 100vw, 300px\" \/>\t\t\t\t\t\t\t\t\t\t\t\t\t\t\t<\/div>\n\t\t\t\t<\/div>\n\t\t\t\t\t<\/div>\n\t\t<\/div>\n\t\t\t\t\t\t\t<\/div>\n\t\t<\/section>\n\t\t\t\t\t\t<\/div>\n\t\t\t\t\t<\/div>\n\t\t","protected":false},"excerpt":{"rendered":"<p>V\u0130ZYON VE M\u0130SYON Vizyon: &#8220;Toplum sa\u011fl\u0131\u011f\u0131n\u0131 \u00f6n planda tutarak, her b\u00fct\u00e7eye uygun, kaliteli ve g\u00fcvenilir i\u00e7me suyu sa\u011flamak. Belediyemizin g\u00fcvencesiyle, \u00e7evre dostu ve s\u00fcrd\u00fcr\u00fclebilir \u00fcretim s\u00fcre\u00e7leriyle, her kesime ula\u015fan su \u00e7\u00f6z\u00fcmleri sunarak ya\u015fam kalitesini art\u0131rmak.&#8221; Misyon: &#8220;Belediye b\u00fcnyesinde faaliyet g\u00f6steren bir firma olarak, halk\u0131m\u0131za en uygun fiyatlarla temiz, sa\u011fl\u0131kl\u0131 ve kaliteli i\u00e7me suyu sunmay\u0131 hedeflemek. &hellip; <br \/><a href=\"https:\/\/segmenlersu.com.tr\/index.php\/vizyon-ve-misyon\/\" class=\"more-link\">Continue reading <span class=\"screen-reader-text\">Vizyon ve Misyon<\/span><\/a><\/p>\n","protected":false},"author":2,"featured_media":0,"parent":0,"menu_order":0,"comment_status":"closed","ping_status":"closed","template":"","meta":{"footnotes":""},"class_list":["post-3680","page","type-page","status-publish","hentry"],"_links":{"self":[{"href":"https:\/\/segmenlersu.com.tr\/index.php\/wp-json\/wp\/v2\/pages\/3680","targetHints":{"allow":["GET"]}}],"collection":[{"href":"https:\/\/segmenlersu.com.tr\/index.php\/wp-json\/wp\/v2\/pages"}],"about":[{"href":"https:\/\/segmenlersu.com.tr\/index.php\/wp-json\/wp\/v2\/types\/page"}],"author":[{"embeddable":true,"href":"https:\/\/segmenlersu.com.tr\/index.php\/wp-json\/wp\/v2\/users\/2"}],"replies":[{"embeddable":true,"href":"https:\/\/segmenlersu.com.tr\/index.php\/wp-json\/wp\/v2\/comments?post=3680"}],"version-history":[{"count":16,"href":"https:\/\/segmenlersu.com.tr\/index.php\/wp-json\/wp\/v2\/pages\/3680\/revisions"}],"predecessor-version":[{"id":3902,"href":"https:\/\/segmenlersu.com.tr\/index.php\/wp-json\/wp\/v2\/pages\/3680\/revisions\/3902"}],"wp:attachment":[{"href":"https:\/\/segmenlersu.com.tr\/index.php\/wp-json\/wp\/v2\/media?parent=3680"}],"curies":[{"name":"wp","href":"https:\/\/api.w.org\/{rel}","templated":true}]}}