{"id":3798,"date":"2025-11-03T14:21:39","date_gmt":"2025-11-03T11:21:39","guid":{"rendered":"https:\/\/segmenlersu.com.tr\/?page_id=3798"},"modified":"2026-05-05T17:39:07","modified_gmt":"2026-05-05T14:39:07","slug":"ihale-duyurulari","status":"publish","type":"page","link":"https:\/\/segmenlersu.com.tr\/index.php\/ihale-duyurulari\/","title":{"rendered":"\u0130hale Duyurular\u0131"},"content":{"rendered":"\t\t<div data-elementor-type=\"wp-page\" data-elementor-id=\"3798\" class=\"elementor elementor-3798\" data-elementor-settings=\"[]\">\n\t\t\t\t\t\t\t<div class=\"elementor-section-wrap\">\n\t\t\t\t\t\t\t<section class=\"elementor-section elementor-top-section elementor-element elementor-element-13c123d elementor-section-boxed elementor-section-height-default elementor-section-height-default\" data-id=\"13c123d\" data-element_type=\"section\">\n\t\t\t\t\t\t<div class=\"elementor-container elementor-column-gap-default\">\n\t\t\t\t\t<div class=\"elementor-column elementor-col-100 elementor-top-column elementor-element elementor-element-cf08fb6\" data-id=\"cf08fb6\" data-element_type=\"column\">\n\t\t\t<div class=\"elementor-widget-wrap elementor-element-populated\">\n\t\t\t\t\t\t\t\t<div class=\"elementor-element elementor-element-d653295 elementor-widget elementor-widget-heading\" data-id=\"d653295\" data-element_type=\"widget\" data-widget_type=\"heading.default\">\n\t\t\t\t<div class=\"elementor-widget-container\">\n\t\t\t<h2 class=\"elementor-heading-title elementor-size-default\">\u0130hale Duyurular\u0131<\/h2>\t\t<\/div>\n\t\t\t\t<\/div>\n\t\t\t\t<div class=\"elementor-element elementor-element-d61c1d7 elementor-widget elementor-widget-heading\" data-id=\"d61c1d7\" data-element_type=\"widget\" data-widget_type=\"heading.default\">\n\t\t\t\t<div class=\"elementor-widget-container\">\n\t\t\t<h2 class=\"elementor-heading-title elementor-size-default\">\u0130hale Bilgileri<\/h2>\t\t<\/div>\n\t\t\t\t<\/div>\n\t\t\t\t\t<\/div>\n\t\t<\/div>\n\t\t\t\t\t\t\t<\/div>\n\t\t<\/section>\n\t\t\t\t<section class=\"elementor-section elementor-top-section elementor-element elementor-element-115d1b1 elementor-section-boxed elementor-section-height-default elementor-section-height-default\" data-id=\"115d1b1\" data-element_type=\"section\">\n\t\t\t\t\t\t<div class=\"elementor-container elementor-column-gap-default\">\n\t\t\t\t\t<div class=\"elementor-column elementor-col-100 elementor-top-column elementor-element elementor-element-68b0f04\" data-id=\"68b0f04\" data-element_type=\"column\">\n\t\t\t<div class=\"elementor-widget-wrap elementor-element-populated\">\n\t\t\t\t\t\t\t\t<div class=\"elementor-element elementor-element-a77798e elementor-widget elementor-widget-accordion\" data-id=\"a77798e\" data-element_type=\"widget\" data-widget_type=\"accordion.default\">\n\t\t\t\t<div class=\"elementor-widget-container\">\n\t\t\t\t\t<div class=\"elementor-accordion\" role=\"tablist\">\n\t\t\t\t\t\t\t<div class=\"elementor-accordion-item\">\n\t\t\t\t\t<div id=\"elementor-tab-title-1751\" class=\"elementor-tab-title\" data-tab=\"1\" role=\"tab\" aria-controls=\"elementor-tab-content-1751\" aria-expanded=\"false\">\n\t\t\t\t\t\t\t\t\t\t\t\t\t<span class=\"elementor-accordion-icon elementor-accordion-icon-left\" aria-hidden=\"true\">\n\t\t\t\t\t\t\t\t\t\t\t\t\t\t\t<span class=\"elementor-accordion-icon-closed\"><i class=\"fas fa-plus\"><\/i><\/span>\n\t\t\t\t\t\t\t\t<span class=\"elementor-accordion-icon-opened\"><i class=\"fas fa-minus\"><\/i><\/span>\n\t\t\t\t\t\t\t\t\t\t\t\t\t\t<\/span>\n\t\t\t\t\t\t\t\t\t\t\t\t<a class=\"elementor-accordion-title\" href=\"\">Se\u011fmen Su A\u015f B\u00fcy\u00fckya\u011fc\u0131\/Haymana Ambalajl\u0131 Su \u00dcretim  Tesisi\u2019nde Kullan\u0131lmak \u00dczere 10.000 Kilogram 42cm\/52micron  Shrink, 10.000 Kilogram 37,5cm\/53micron Shrink Ve 10.000  Kilogram 53cm\/53micron Shrink Al\u0131m \u0130\u015fi (13.05.2026)<\/a>\n\t\t\t\t\t<\/div>\n\t\t\t\t\t<div id=\"elementor-tab-content-1751\" class=\"elementor-tab-content elementor-clearfix\" data-tab=\"1\" role=\"tabpanel\" aria-labelledby=\"elementor-tab-title-1751\"><p>Se\u011fmen Su A\u015f B\u00fcy\u00fckya\u011fc\u0131\/Haymana Ambalajl\u0131 Su \u00dcretim <br \/>Tesisi\u2019nde Kullan\u0131lmak \u00dczere 10.000 Kilogram 42cm\/52micron <br \/>Shrink, 10.000 Kilogram 37,5cm\/53micron Shrink Ve 10.000 <br \/>Kilogram 53cm\/53micron Shrink Al\u0131m \u0130\u015fi. Detayl\u0131 bilgi i\u00e7in <a href=\"https:\/\/segmenlersu.com.tr\/wp-content\/uploads\/2026\/05\/IHALE-DUYURUSU.pdf\">t\u0131klay\u0131n\u0131z.<\/a><\/p><\/div>\n\t\t\t\t<\/div>\n\t\t\t\t\t\t\t<div class=\"elementor-accordion-item\">\n\t\t\t\t\t<div id=\"elementor-tab-title-1752\" class=\"elementor-tab-title\" data-tab=\"2\" role=\"tab\" aria-controls=\"elementor-tab-content-1752\" aria-expanded=\"false\">\n\t\t\t\t\t\t\t\t\t\t\t\t\t<span class=\"elementor-accordion-icon elementor-accordion-icon-left\" aria-hidden=\"true\">\n\t\t\t\t\t\t\t\t\t\t\t\t\t\t\t<span class=\"elementor-accordion-icon-closed\"><i class=\"fas fa-plus\"><\/i><\/span>\n\t\t\t\t\t\t\t\t<span class=\"elementor-accordion-icon-opened\"><i class=\"fas fa-minus\"><\/i><\/span>\n\t\t\t\t\t\t\t\t\t\t\t\t\t\t<\/span>\n\t\t\t\t\t\t\t\t\t\t\t\t<a class=\"elementor-accordion-title\" href=\"\">Se\u011fmen Su A\u015f B\u00fcnyesinde 500.000 (Be\u015f Y\u00fcz Bin) Koli\/Adet Ambalajl\u0131 \u0130\u00e7me Suyu \u0130\u00e7in \u015eehir \u0130\u00e7i Da\u011f\u0131t\u0131m Nakliye Hizmeti Al\u0131m \u0130\u015fi (14.04.2026)<\/a>\n\t\t\t\t\t<\/div>\n\t\t\t\t\t<div id=\"elementor-tab-content-1752\" class=\"elementor-tab-content elementor-clearfix\" data-tab=\"2\" role=\"tabpanel\" aria-labelledby=\"elementor-tab-title-1752\"><p>Se\u011fmen Su A\u015f B\u00fcnyesinde 500.000 (Be\u015f Y\u00fcz Bin) Koli\/Adet Ambalajl\u0131 \u0130\u00e7me Suyu \u0130\u00e7in \u015eehir \u0130\u00e7i Da\u011f\u0131t\u0131m Nakliye Hizmeti Al\u0131m\u0131 yap\u0131lacakt\u0131r.Detayl\u0131 bilgi i\u00e7in <a href=\"https:\/\/segmenlersu.com.tr\/wp-content\/uploads\/2026\/04\/Ihale-Duyurusu.pdf\">t\u0131klay\u0131n\u0131z.<\/a><\/p><\/div>\n\t\t\t\t<\/div>\n\t\t\t\t\t\t\t<div class=\"elementor-accordion-item\">\n\t\t\t\t\t<div id=\"elementor-tab-title-1753\" class=\"elementor-tab-title\" data-tab=\"3\" role=\"tab\" aria-controls=\"elementor-tab-content-1753\" aria-expanded=\"false\">\n\t\t\t\t\t\t\t\t\t\t\t\t\t<span class=\"elementor-accordion-icon elementor-accordion-icon-left\" aria-hidden=\"true\">\n\t\t\t\t\t\t\t\t\t\t\t\t\t\t\t<span class=\"elementor-accordion-icon-closed\"><i class=\"fas fa-plus\"><\/i><\/span>\n\t\t\t\t\t\t\t\t<span class=\"elementor-accordion-icon-opened\"><i class=\"fas fa-minus\"><\/i><\/span>\n\t\t\t\t\t\t\t\t\t\t\t\t\t\t<\/span>\n\t\t\t\t\t\t\t\t\t\t\t\t<a class=\"elementor-accordion-title\" href=\"\">SE\u011eMEN SU A\u015e\u2019YE A\u0130T 3 (\u00dc\u00c7) ADET ARACIN  SATI\u015eI \u0130\u015e\u0130 \u0130HALE \u0130LANI (06.02.2026)<\/a>\n\t\t\t\t\t<\/div>\n\t\t\t\t\t<div id=\"elementor-tab-content-1753\" class=\"elementor-tab-content elementor-clearfix\" data-tab=\"3\" role=\"tabpanel\" aria-labelledby=\"elementor-tab-title-1753\"><p>\u015eirketimize ait a\u015fa\u011f\u0131da bilgileri verilen 3 (\u00fc\u00e7) adet arac\u0131n sat\u0131\u015f\u0131 a\u00e7\u0131k ihale y\u00f6ntemi (kapal\u0131 teklif ve <br \/>akabinde a\u00e7\u0131k art\u0131rma usul\u00fc) ile yap\u0131lacakt\u0131r. Detayl\u0131 bilgi i\u00e7in <a href=\"https:\/\/segmenlersu.com.tr\/wp-content\/uploads\/2026\/01\/SEGMEN-SU-ASYE-AIT-3-UC-ADET-ARACIN-SATIS-ILANI.pdf\">t\u0131klay\u0131n\u0131z.<\/a><\/p><\/div>\n\t\t\t\t<\/div>\n\t\t\t\t\t\t\t<div class=\"elementor-accordion-item\">\n\t\t\t\t\t<div id=\"elementor-tab-title-1754\" class=\"elementor-tab-title\" data-tab=\"4\" role=\"tab\" aria-controls=\"elementor-tab-content-1754\" aria-expanded=\"false\">\n\t\t\t\t\t\t\t\t\t\t\t\t\t<span class=\"elementor-accordion-icon elementor-accordion-icon-left\" aria-hidden=\"true\">\n\t\t\t\t\t\t\t\t\t\t\t\t\t\t\t<span class=\"elementor-accordion-icon-closed\"><i class=\"fas fa-plus\"><\/i><\/span>\n\t\t\t\t\t\t\t\t<span class=\"elementor-accordion-icon-opened\"><i class=\"fas fa-minus\"><\/i><\/span>\n\t\t\t\t\t\t\t\t\t\t\t\t\t\t<\/span>\n\t\t\t\t\t\t\t\t\t\t\t\t<a class=\"elementor-accordion-title\" href=\"\">ARA\u00c7 SATI\u015e \u0130HALES\u0130 (20.11.2025)<\/a>\n\t\t\t\t\t<\/div>\n\t\t\t\t\t<div id=\"elementor-tab-content-1754\" class=\"elementor-tab-content elementor-clearfix\" data-tab=\"4\" role=\"tabpanel\" aria-labelledby=\"elementor-tab-title-1754\"><p>\u00a0<\/p><p>\u00a0\u015eirketimize ait 4 (d\u00f6rt) adet arac\u0131n sat\u0131\u015f\u0131 a\u00e7\u0131k ihale y\u00f6ntemi (kapal\u0131 teklif ve akabinde a\u00e7\u0131k art\u0131rma usul\u00fc) ile yap\u0131lacakt\u0131r. Detayl\u0131 bilgi i\u00e7in <a href=\"https:\/\/segmenlersu.com.tr\/wp-content\/uploads\/2025\/11\/51612_Ilan.pdf\">t\u0131klay\u0131n\u0131z.<\/a><\/p><\/div>\n\t\t\t\t<\/div>\n\t\t\t\t\t\t\t<div class=\"elementor-accordion-item\">\n\t\t\t\t\t<div id=\"elementor-tab-title-1755\" class=\"elementor-tab-title\" data-tab=\"5\" role=\"tab\" aria-controls=\"elementor-tab-content-1755\" aria-expanded=\"false\">\n\t\t\t\t\t\t\t\t\t\t\t\t\t<span class=\"elementor-accordion-icon elementor-accordion-icon-left\" aria-hidden=\"true\">\n\t\t\t\t\t\t\t\t\t\t\t\t\t\t\t<span class=\"elementor-accordion-icon-closed\"><i class=\"fas fa-plus\"><\/i><\/span>\n\t\t\t\t\t\t\t\t<span class=\"elementor-accordion-icon-opened\"><i class=\"fas fa-minus\"><\/i><\/span>\n\t\t\t\t\t\t\t\t\t\t\t\t\t\t<\/span>\n\t\t\t\t\t\t\t\t\t\t\t\t<a class=\"elementor-accordion-title\" href=\"\">NAKL\u0130YE H\u0130ZMET\u0130 \u0130HALES\u0130 (06.01.2026)<\/a>\n\t\t\t\t\t<\/div>\n\t\t\t\t\t<div id=\"elementor-tab-content-1755\" class=\"elementor-tab-content elementor-clearfix\" data-tab=\"5\" role=\"tabpanel\" aria-labelledby=\"elementor-tab-title-1755\"><p>Se\u011fmen Su A\u015f Ocak 2026-Ocak 2027 D\u00f6nemi \u0130\u00e7in <br \/>Nakliye Hizmeti Al\u0131m \u0130\u015f. Detayl\u0131 bilgi i\u00e7in <a href=\"https:\/\/segmenlersu.com.tr\/wp-content\/uploads\/2025\/12\/Ihale-Duyurusu1.pdf\">t\u0131klay\u0131n\u0131z.<\/a><\/p><\/div>\n\t\t\t\t<\/div>\n\t\t\t\t\t\t\t<div class=\"elementor-accordion-item\">\n\t\t\t\t\t<div id=\"elementor-tab-title-1756\" class=\"elementor-tab-title\" data-tab=\"6\" role=\"tab\" aria-controls=\"elementor-tab-content-1756\" aria-expanded=\"false\">\n\t\t\t\t\t\t\t\t\t\t\t\t\t<span class=\"elementor-accordion-icon elementor-accordion-icon-left\" aria-hidden=\"true\">\n\t\t\t\t\t\t\t\t\t\t\t\t\t\t\t<span class=\"elementor-accordion-icon-closed\"><i class=\"fas fa-plus\"><\/i><\/span>\n\t\t\t\t\t\t\t\t<span class=\"elementor-accordion-icon-opened\"><i class=\"fas fa-minus\"><\/i><\/span>\n\t\t\t\t\t\t\t\t\t\t\t\t\t\t<\/span>\n\t\t\t\t\t\t\t\t\t\t\t\t<a class=\"elementor-accordion-title\" href=\"\">Se\u011fmen Su A\u015f Ba\u011fi\u00e7i\/G\u00f6lba\u015f\u0131 Ambalajl\u0131 Su \u00dcretim Tesisi\u2019nde  Bulunan 5 Litre Su \u00dcretim Hatt\u0131n\u0131n Ayar, Yenileme Ve Nakliye  \u0130\u015flemleri Dahil Olarak Se\u011fmen Su A\u015f B\u00fcy\u00fckya\u011fc\u0131\/ Haymana  Ambalajl\u0131 Su Dolum Tesisi\u2019ne Ta\u015f\u0131nmas\u0131 \u0130\u00e7in Teknik Destek  Hizmeti Al\u0131m \u0130\u015fi. (05.01.2026)<\/a>\n\t\t\t\t\t<\/div>\n\t\t\t\t\t<div id=\"elementor-tab-content-1756\" class=\"elementor-tab-content elementor-clearfix\" data-tab=\"6\" role=\"tabpanel\" aria-labelledby=\"elementor-tab-title-1756\"><p>Se\u011fmen Su A\u015f Ba\u011fi\u00e7i\/G\u00f6lba\u015f\u0131 Ambalajl\u0131 Su \u00dcretim Tesisi\u2019nde <br \/>Bulunan 5 Litre Su \u00dcretim Hatt\u0131n\u0131n Ayar, Yenileme Ve Nakliye <br \/>\u0130\u015flemleri Dahil Olarak Se\u011fmen Su A\u015f B\u00fcy\u00fckya\u011fc\u0131\/ Haymana <br \/>Ambalajl\u0131 Su Dolum Tesisi\u2019ne Ta\u015f\u0131nmas\u0131 \u0130\u00e7in Teknik Destek <br \/>Hizmeti Al\u0131m \u0130\u015fi. Detayl\u0131 bilgi i\u00e7in <a href=\"https:\/\/segmenlersu.com.tr\/wp-content\/uploads\/2025\/12\/Ihale-Duyurusu-Tasinma.pdf\">t\u0131klay\u0131n\u0131z.<\/a><\/p><\/div>\n\t\t\t\t<\/div>\n\t\t\t\t\t\t\t<div class=\"elementor-accordion-item\">\n\t\t\t\t\t<div id=\"elementor-tab-title-1757\" class=\"elementor-tab-title\" data-tab=\"7\" role=\"tab\" aria-controls=\"elementor-tab-content-1757\" aria-expanded=\"false\">\n\t\t\t\t\t\t\t\t\t\t\t\t\t<span class=\"elementor-accordion-icon elementor-accordion-icon-left\" aria-hidden=\"true\">\n\t\t\t\t\t\t\t\t\t\t\t\t\t\t\t<span class=\"elementor-accordion-icon-closed\"><i class=\"fas fa-plus\"><\/i><\/span>\n\t\t\t\t\t\t\t\t<span class=\"elementor-accordion-icon-opened\"><i class=\"fas fa-minus\"><\/i><\/span>\n\t\t\t\t\t\t\t\t\t\t\t\t\t\t<\/span>\n\t\t\t\t\t\t\t\t\t\t\t\t<a class=\"elementor-accordion-title\" href=\"\"> SUPERPOWER STRE\u00c7 ALIMI (29.12.2025)<\/a>\n\t\t\t\t\t<\/div>\n\t\t\t\t\t<div id=\"elementor-tab-content-1757\" class=\"elementor-tab-content elementor-clearfix\" data-tab=\"7\" role=\"tabpanel\" aria-labelledby=\"elementor-tab-title-1757\"><p>Se\u011fmen Su A\u015f B\u00fcy\u00fckya\u011fc\u0131\/Haymana Ve Ba\u011fi\u00e7i\/G\u00f6lba\u015f\u0131 Ambalajl\u0131 Su \u00dcretim <br \/>Tesisi\u2019nde Kullan\u0131lmak \u00dczere 30.000 (Otuz Bin) Kilogram S\u00fcperpower Stre\u00e7 Al\u0131m\u0131 yap\u0131lacakt\u0131r, detayl\u0131 bilgi i\u00e7in <a href=\"https:\/\/segmenlersu.com.tr\/wp-content\/uploads\/2025\/12\/IHALE-DUYURUSU-STREC.pdf\">t\u0131klay\u0131n\u0131z.<\/a><\/p><\/div>\n\t\t\t\t<\/div>\n\t\t\t\t\t\t\t<div class=\"elementor-accordion-item\">\n\t\t\t\t\t<div id=\"elementor-tab-title-1758\" class=\"elementor-tab-title\" data-tab=\"8\" role=\"tab\" aria-controls=\"elementor-tab-content-1758\" aria-expanded=\"false\">\n\t\t\t\t\t\t\t\t\t\t\t\t\t<span class=\"elementor-accordion-icon elementor-accordion-icon-left\" aria-hidden=\"true\">\n\t\t\t\t\t\t\t\t\t\t\t\t\t\t\t<span class=\"elementor-accordion-icon-closed\"><i class=\"fas fa-plus\"><\/i><\/span>\n\t\t\t\t\t\t\t\t<span class=\"elementor-accordion-icon-opened\"><i class=\"fas fa-minus\"><\/i><\/span>\n\t\t\t\t\t\t\t\t\t\t\t\t\t\t<\/span>\n\t\t\t\t\t\t\t\t\t\t\t\t<a class=\"elementor-accordion-title\" href=\"\">NAKL\u0130YE H\u0130ZMET\u0130 \u0130HALES\u0130 (15.12.2025)<\/a>\n\t\t\t\t\t<\/div>\n\t\t\t\t\t<div id=\"elementor-tab-content-1758\" class=\"elementor-tab-content elementor-clearfix\" data-tab=\"8\" role=\"tabpanel\" aria-labelledby=\"elementor-tab-title-1758\"><p>Aral\u0131k 2025-Aral\u0131k 2026 d\u00f6nemini kapsayacak \u015fekilde bir y\u0131ll\u0131k nakliye hizmeti al\u0131m\u0131 yap\u0131lacakt\u0131r, Detayl\u0131 bilgi i\u00e7in <a href=\"https:\/\/segmenlersu.com.tr\/wp-content\/uploads\/2025\/12\/Ihale-Duyurusu.pdf\">t\u0131klay\u0131n\u0131z.<\/a><\/p><\/div>\n\t\t\t\t<\/div>\n\t\t\t\t\t\t\t<div class=\"elementor-accordion-item\">\n\t\t\t\t\t<div id=\"elementor-tab-title-1759\" class=\"elementor-tab-title\" data-tab=\"9\" role=\"tab\" aria-controls=\"elementor-tab-content-1759\" aria-expanded=\"false\">\n\t\t\t\t\t\t\t\t\t\t\t\t\t<span class=\"elementor-accordion-icon elementor-accordion-icon-left\" aria-hidden=\"true\">\n\t\t\t\t\t\t\t\t\t\t\t\t\t\t\t<span class=\"elementor-accordion-icon-closed\"><i class=\"fas fa-plus\"><\/i><\/span>\n\t\t\t\t\t\t\t\t<span class=\"elementor-accordion-icon-opened\"><i class=\"fas fa-minus\"><\/i><\/span>\n\t\t\t\t\t\t\t\t\t\t\t\t\t\t<\/span>\n\t\t\t\t\t\t\t\t\t\t\t\t<a class=\"elementor-accordion-title\" href=\"\">NAKL\u0130YE H\u0130ZMET\u0130 \u0130HALES\u0130 (27.11.2025)<\/a>\n\t\t\t\t\t<\/div>\n\t\t\t\t\t<div id=\"elementor-tab-content-1759\" class=\"elementor-tab-content elementor-clearfix\" data-tab=\"9\" role=\"tabpanel\" aria-labelledby=\"elementor-tab-title-1759\"><p>Aral\u0131k 2025-Aral\u0131k 2026 d\u00f6nemini kapsayacak \u015fekilde bir y\u0131ll\u0131k nakliye hizmeti al\u0131m\u0131 yap\u0131lacakt\u0131r, detayl\u0131 bilgi i\u00e7in <a href=\"https:\/\/segmenlersu.com.tr\/wp-content\/uploads\/2025\/11\/Ihale-Duyurusu.pdf\">t\u0131klay\u0131n\u0131z.<\/a><\/p><\/div>\n\t\t\t\t<\/div>\n\t\t\t\t\t\t\t<div class=\"elementor-accordion-item\">\n\t\t\t\t\t<div id=\"elementor-tab-title-17510\" class=\"elementor-tab-title\" data-tab=\"10\" role=\"tab\" aria-controls=\"elementor-tab-content-17510\" aria-expanded=\"false\">\n\t\t\t\t\t\t\t\t\t\t\t\t\t<span class=\"elementor-accordion-icon elementor-accordion-icon-left\" aria-hidden=\"true\">\n\t\t\t\t\t\t\t\t\t\t\t\t\t\t\t<span class=\"elementor-accordion-icon-closed\"><i class=\"fas fa-plus\"><\/i><\/span>\n\t\t\t\t\t\t\t\t<span class=\"elementor-accordion-icon-opened\"><i class=\"fas fa-minus\"><\/i><\/span>\n\t\t\t\t\t\t\t\t\t\t\t\t\t\t<\/span>\n\t\t\t\t\t\t\t\t\t\t\t\t<a class=\"elementor-accordion-title\" href=\"\">BARDAK SU DOLUM MAK\u0130NES\u0130 ALIM \u0130HALES\u0130 (25.11.2025)<\/a>\n\t\t\t\t\t<\/div>\n\t\t\t\t\t<div id=\"elementor-tab-content-17510\" class=\"elementor-tab-content elementor-clearfix\" data-tab=\"10\" role=\"tabpanel\" aria-labelledby=\"elementor-tab-title-17510\"><p>\u015eirketimiz b\u00fcnyesinde 1 (bir) adet bardak su dolum makinesi al\u0131m\u0131 yap\u0131lacakt\u0131r. Detayl\u0131 bilgi i\u00e7in <a href=\"https:\/\/segmenlersu.com.tr\/wp-content\/uploads\/2025\/11\/Ihale-Duyurusu-Bardak-Su-Dolum-Makinesi.pdf\">t\u0131klay\u0131n\u0131z.<\/a><\/p><\/div>\n\t\t\t\t<\/div>\n\t\t\t\t\t\t\t\t<\/div>\n\t\t\t\t<\/div>\n\t\t\t\t<\/div>\n\t\t\t\t\t<\/div>\n\t\t<\/div>\n\t\t\t\t\t\t\t<\/div>\n\t\t<\/section>\n\t\t\t\t\t\t<\/div>\n\t\t\t\t\t<\/div>\n\t\t","protected":false},"excerpt":{"rendered":"<p>\u0130hale Duyurular\u0131 \u0130hale Bilgileri Se\u011fmen Su A\u015f B\u00fcy\u00fckya\u011fc\u0131\/Haymana Ambalajl\u0131 Su \u00dcretim Tesisi\u2019nde Kullan\u0131lmak \u00dczere 10.000 Kilogram 42cm\/52micron Shrink, 10.000 Kilogram 37,5cm\/53micron Shrink Ve 10.000 Kilogram 53cm\/53micron Shrink Al\u0131m \u0130\u015fi (13.05.2026) Se\u011fmen Su A\u015f B\u00fcy\u00fckya\u011fc\u0131\/Haymana Ambalajl\u0131 Su \u00dcretim Tesisi\u2019nde Kullan\u0131lmak \u00dczere 10.000 Kilogram 42cm\/52micron Shrink, 10.000 Kilogram 37,5cm\/53micron Shrink Ve 10.000 Kilogram 53cm\/53micron Shrink Al\u0131m \u0130\u015fi. &hellip; <br \/><a href=\"https:\/\/segmenlersu.com.tr\/index.php\/ihale-duyurulari\/\" class=\"more-link\">Continue reading <span class=\"screen-reader-text\">\u0130hale Duyurular\u0131<\/span><\/a><\/p>\n","protected":false},"author":2,"featured_media":0,"parent":0,"menu_order":0,"comment_status":"closed","ping_status":"closed","template":"","meta":{"footnotes":""},"class_list":["post-3798","page","type-page","status-publish","hentry"],"_links":{"self":[{"href":"https:\/\/segmenlersu.com.tr\/index.php\/wp-json\/wp\/v2\/pages\/3798","targetHints":{"allow":["GET"]}}],"collection":[{"href":"https:\/\/segmenlersu.com.tr\/index.php\/wp-json\/wp\/v2\/pages"}],"about":[{"href":"https:\/\/segmenlersu.com.tr\/index.php\/wp-json\/wp\/v2\/types\/page"}],"author":[{"embeddable":true,"href":"https:\/\/segmenlersu.com.tr\/index.php\/wp-json\/wp\/v2\/users\/2"}],"replies":[{"embeddable":true,"href":"https:\/\/segmenlersu.com.tr\/index.php\/wp-json\/wp\/v2\/comments?post=3798"}],"version-history":[{"count":118,"href":"https:\/\/segmenlersu.com.tr\/index.php\/wp-json\/wp\/v2\/pages\/3798\/revisions"}],"predecessor-version":[{"id":3986,"href":"https:\/\/segmenlersu.com.tr\/index.php\/wp-json\/wp\/v2\/pages\/3798\/revisions\/3986"}],"wp:attachment":[{"href":"https:\/\/segmenlersu.com.tr\/index.php\/wp-json\/wp\/v2\/media?parent=3798"}],"curies":[{"name":"wp","href":"https:\/\/api.w.org\/{rel}","templated":true}]}}